{"id":1951,"date":"2023-08-30T10:41:30","date_gmt":"2023-08-30T14:41:30","guid":{"rendered":"https:\/\/sietesheva.com\/?page_id=1951"},"modified":"2023-08-30T15:32:31","modified_gmt":"2023-08-30T19:32:31","slug":"formulario-salon","status":"publish","type":"page","link":"https:\/\/iaodb.roglos.com\/en\/formulario-salon\/","title":{"rendered":"Formulario Sal\u00f3n"},"content":{"rendered":"<div data-elementor-type=\"wp-page\" data-elementor-id=\"1951\" class=\"elementor elementor-1951\">\n\t\t\t\t\t\t<section class=\"elementor-section elementor-top-section elementor-element elementor-element-8bb25ba elementor-section-boxed elementor-section-height-default elementor-section-height-default\" data-id=\"8bb25ba\" data-element_type=\"section\" data-settings=\"{&quot;background_background&quot;:&quot;classic&quot;}\">\n\t\t\t\t\t\t\t<div class=\"elementor-background-overlay\"><\/div>\n\t\t\t\t\t\t\t<div class=\"elementor-container elementor-column-gap-default\">\n\t\t\t\t\t<div class=\"elementor-column elementor-col-100 elementor-top-column elementor-element elementor-element-b4f74c6\" data-id=\"b4f74c6\" data-element_type=\"column\" data-settings=\"{&quot;background_background&quot;:&quot;classic&quot;}\">\n\t\t\t<div class=\"elementor-widget-wrap elementor-element-populated\">\n\t\t\t\t\t\t<div class=\"elementor-element elementor-element-ab7b63c elementor-widget elementor-widget-image\" data-id=\"ab7b63c\" data-element_type=\"widget\" data-widget_type=\"image.default\">\n\t\t\t\t<div class=\"elementor-widget-container\">\n\t\t\t\t\t\t\t\t\t\t\t\t\t\t\t<img fetchpriority=\"high\" decoding=\"async\" width=\"800\" height=\"598\" src=\"https:\/\/iaodb.roglos.com\/wp-content\/uploads\/2023\/08\/Logo-siete-blanco-1024x765.png\" class=\"attachment-large size-large wp-image-1964\" alt=\"\" srcset=\"https:\/\/iaodb.roglos.com\/wp-content\/uploads\/2023\/08\/Logo-siete-blanco-1024x765.png 1024w, https:\/\/iaodb.roglos.com\/wp-content\/uploads\/2023\/08\/Logo-siete-blanco-600x448.png 600w, https:\/\/iaodb.roglos.com\/wp-content\/uploads\/2023\/08\/Logo-siete-blanco-300x224.png 300w, https:\/\/iaodb.roglos.com\/wp-content\/uploads\/2023\/08\/Logo-siete-blanco-768x574.png 768w, https:\/\/iaodb.roglos.com\/wp-content\/uploads\/2023\/08\/Logo-siete-blanco-1536x1148.png 1536w, https:\/\/iaodb.roglos.com\/wp-content\/uploads\/2023\/08\/Logo-siete-blanco-2048x1530.png 2048w\" sizes=\"(max-width: 800px) 100vw, 800px\" \/>\t\t\t\t\t\t\t\t\t\t\t\t\t\t\t<\/div>\n\t\t\t\t<\/div>\n\t\t\t\t<div class=\"elementor-element elementor-element-38b4f0c elementor-widget elementor-widget-spacer\" data-id=\"38b4f0c\" data-element_type=\"widget\" data-widget_type=\"spacer.default\">\n\t\t\t\t<div class=\"elementor-widget-container\">\n\t\t\t\t\t\t\t<div class=\"elementor-spacer\">\n\t\t\t<div class=\"elementor-spacer-inner\"><\/div>\n\t\t<\/div>\n\t\t\t\t\t\t<\/div>\n\t\t\t\t<\/div>\n\t\t\t\t<div class=\"elementor-element elementor-element-5e98e3e elementor-widget elementor-widget-heading\" data-id=\"5e98e3e\" data-element_type=\"widget\" data-widget_type=\"heading.default\">\n\t\t\t\t<div class=\"elementor-widget-container\">\n\t\t\t\t\t<h2 class=\"elementor-heading-title elementor-size-default\">Ingresa los datos de tu Sal\u00f3n<\/h2>\t\t\t\t<\/div>\n\t\t\t\t<\/div>\n\t\t\t\t<div class=\"elementor-element elementor-element-d10bf18 pp-gravity-form-button-full-width pp-gravity-form-pagination-buttons-auto elementor-widget elementor-widget-pp-gravity-forms\" data-id=\"d10bf18\" data-element_type=\"widget\" data-widget_type=\"pp-gravity-forms.default\">\n\t\t\t\t<div class=\"elementor-widget-container\">\n\t\t\t\t\t\t\t\t\t<div class=\"pp-contact-form pp-gravity-form\">\n\t\t\t\t\t\t\t\t\t\t<script type=\"text\/javascript\">var gform;gform||(document.addEventListener(\"gform_main_scripts_loaded\",function(){gform.scriptsLoaded=!0}),window.addEventListener(\"DOMContentLoaded\",function(){gform.domLoaded=!0}),gform={domLoaded:!1,scriptsLoaded:!1,initializeOnLoaded:function(o){gform.domLoaded&&gform.scriptsLoaded?o():!gform.domLoaded&&gform.scriptsLoaded?window.addEventListener(\"DOMContentLoaded\",o):document.addEventListener(\"gform_main_scripts_loaded\",o)},hooks:{action:{},filter:{}},addAction:function(o,n,r,t){gform.addHook(\"action\",o,n,r,t)},addFilter:function(o,n,r,t){gform.addHook(\"filter\",o,n,r,t)},doAction:function(o){gform.doHook(\"action\",o,arguments)},applyFilters:function(o){return gform.doHook(\"filter\",o,arguments)},removeAction:function(o,n){gform.removeHook(\"action\",o,n)},removeFilter:function(o,n,r){gform.removeHook(\"filter\",o,n,r)},addHook:function(o,n,r,t,i){null==gform.hooks[o][n]&&(gform.hooks[o][n]=[]);var e=gform.hooks[o][n];null==i&&(i=n+\"_\"+e.length),gform.hooks[o][n].push({tag:i,callable:r,priority:t=null==t?10:t})},doHook:function(n,o,r){var t;if(r=Array.prototype.slice.call(r,1),null!=gform.hooks[n][o]&&((o=gform.hooks[n][o]).sort(function(o,n){return o.priority-n.priority}),o.forEach(function(o){\"function\"!=typeof(t=o.callable)&&(t=window[t]),\"action\"==n?t.apply(null,r):r[0]=t.apply(null,r)})),\"filter\"==n)return r[0]},removeHook:function(o,n,t,i){var r;null!=gform.hooks[o][n]&&(r=(r=gform.hooks[o][n]).filter(function(o,n,r){return!!(null!=i&&i!=o.tag||null!=t&&t!=o.priority)}),gform.hooks[o][n]=r)}});<\/script>\n                <div class='gf_browser_gecko gform_wrapper gravity-theme' id='gform_wrapper_6' >\n                        <div class='gform_heading'>\n                            <span class='gform_description'><\/span>\n\t\t\t\t\t\t\t<p class='gform_required_legend'>&quot;<span class=\"gfield_required gfield_required_asterisk\">*<\/span>&quot; se\u00f1ala los campos obligatorios<\/p>\n                        <\/div><form method='post' enctype='multipart\/form-data'  id='gform_6'  action='https:\/\/iaodb.roglos.com\/en\/formulario-salon\/' novalidate data-trp-original-action=\"\/formulario-salon\/\">\n                        <div class='gform_body gform-body'><div id='gform_fields_6' class='gform_fields top_label form_sublabel_above description_below'><fieldset id=\"field_6_1\"  class=\"gfield gfield_contains_required field_sublabel_hidden_label field_description_below gfield_visibility_visible\"  data-js-reload=\"field_6_1\"><legend class='gfield_label gfield_label_before_complex'  >Tu nombre<span class=\"gfield_required\"><span class=\"gfield_required gfield_required_asterisk\">*<\/span><\/span><\/legend><div class='ginput_complex ginput_container no_prefix has_first_name no_middle_name no_last_name no_suffix gf_name_has_1 ginput_container_name' id='input_6_1'>\n                            \n                            <span id='input_6_1_3_container' class='name_first' >\n                                                    <input type='text' name='input_1.3' id='input_6_1_3' value=''   aria-required='true'    autocomplete=\"given-name\" \/>\n                                                    <label for='input_6_1_3' class='hidden_sub_label screen-reader-text'>Name<\/label>\n                                                <\/span>\n                            \n                            \n                            \n                        <\/div><\/fieldset><div id=\"field_6_16\"  class=\"gfield gfield--width-full gfield_contains_required field_sublabel_above field_description_below gfield_visibility_visible\"  data-js-reload=\"field_6_16\"><label class='gfield_label' for='input_6_16' >Nombre del Sal\u00f3n<span class=\"gfield_required\"><span class=\"gfield_required gfield_required_asterisk\">*<\/span><\/span><\/label><div class='ginput_container ginput_container_text'><input name='input_16' id='input_6_16' type='text' value='' class='large'     aria-required=\"true\" aria-invalid=\"false\"   \/> <\/div><\/div><fieldset id=\"field_6_4\"  class=\"gfield gfield_contains_required field_sublabel_hidden_label field_description_below gfield_visibility_visible\"  data-js-reload=\"field_6_4\"><legend class='gfield_label gfield_label_before_complex'  >Direcci\u00f3n del Sal\u00f3n<span class=\"gfield_required\"><span class=\"gfield_required gfield_required_asterisk\">*<\/span><\/span><\/legend>    \n                    <div class='ginput_complex ginput_container has_street has_country ginput_container_address' id='input_6_4' >\n                         <span class='ginput_full address_line_1 ginput_address_line_1' id='input_6_4_1_container' >\n                                        <input type='text' name='input_4.1' id='input_6_4_1' value=''    aria-required='true'   autocomplete=\"address-line1\" \/>\n                                        <label for='input_6_4_1' id='input_6_4_1_label' class='hidden_sub_label screen-reader-text'>Direcci\u00f3n<\/label>\n                                    <\/span><input type='hidden' class='gform_hidden' name='input_4.4' id='input_6_4_4' value='Virginia'\/><input type='hidden' class='gform_hidden' name='input_4.6' id='input_6_4_6' value='United States' \/>\n                    <div class='gf_clear gf_clear_complex'><\/div>\n                <\/div><\/fieldset><div id=\"field_6_2\"  class=\"gfield gfield--width-half gfield_contains_required field_sublabel_above field_description_below gfield_visibility_visible\"  data-js-reload=\"field_6_2\"><label class='gfield_label' for='input_6_2' >Email<span class=\"gfield_required\"><span class=\"gfield_required gfield_required_asterisk\">*<\/span><\/span><\/label><div class='ginput_container ginput_container_email'>\n                            <input name='input_2' id='input_6_2' type='email' value='' class='large'    aria-required=\"true\" aria-invalid=\"false\"  \/>\n                        <\/div><\/div><div id=\"field_6_5\"  class=\"gfield gfield--width-half gfield_contains_required field_sublabel_above field_description_below gfield_visibility_visible\"  data-js-reload=\"field_6_5\"><label class='gfield_label' for='input_6_5' >Tel\u00e9fono<span class=\"gfield_required\"><span class=\"gfield_required gfield_required_asterisk\">*<\/span><\/span><\/label><div class='ginput_container ginput_container_phone'><input name='input_5' id='input_6_5' type='tel' value='' class='large'   aria-required=\"true\" aria-invalid=\"false\"  autocomplete=\"tel\" \/><\/div><\/div><\/div><\/div>\n        <div class='gform_footer top_label'> <input type='submit' id='gform_submit_button_6' class='gform_button button' value='Send'  onclick='if(window[\"gf_submitting_6\"]){return false;}  if( !jQuery(\"#gform_6\")[0].checkValidity || jQuery(\"#gform_6\")[0].checkValidity()){window[\"gf_submitting_6\"]=true;}  ' onkeypress='if( event.keyCode == 13 ){ if(window[\"gf_submitting_6\"]){return false;} if( !jQuery(\"#gform_6\")[0].checkValidity || jQuery(\"#gform_6\")[0].checkValidity()){window[\"gf_submitting_6\"]=true;}  jQuery(\"#gform_6\").trigger(\"submit\",[true]); }' \/> \n            <input type='hidden' class='gform_hidden' name='is_submit_6' value='1' \/>\n            <input type='hidden' class='gform_hidden' name='gform_submit' value='6' \/>\n            \n            <input type='hidden' class='gform_hidden' name='gform_unique_id' value='' \/>\n            <input type='hidden' class='gform_hidden' name='state_6' value='WyJbXSIsIjBlODQ3ZWM1OTVkMTlkMjdiN2Y5OTI3MzgxYjE1OTRiIl0=' \/>\n            <input type='hidden' class='gform_hidden' name='gform_target_page_number_6' id='gform_target_page_number_6' value='0' \/>\n            <input type='hidden' class='gform_hidden' name='gform_source_page_number_6' id='gform_source_page_number_6' value='1' \/>\n            <input type='hidden' name='gform_field_values' value='' \/>\n            \n        <\/div>\n                        <input type=\"hidden\" name=\"trp-form-language\" value=\"en\"\/><\/form>\n                        <\/div>\t\t\t\t<\/div>\n\t\t\t\t\t\t\t\t<\/div>\n\t\t\t\t<\/div>\n\t\t\t\t<div class=\"elementor-element elementor-element-49df8de elementor-widget elementor-widget-text-editor\" data-id=\"49df8de\" data-element_type=\"widget\" data-widget_type=\"text-editor.default\">\n\t\t\t\t<div class=\"elementor-widget-container\">\n\t\t\t\t\t\t\t\t\t<p><strong>\u00abSi deseas m\u00e1s informaci\u00f3n, por favor comun\u00edcate con Mari al<\/strong><br \/><strong><a href=\"tel:9546623012\">954-662-3012<\/a>\u00ab<\/strong><\/p>\t\t\t\t\t\t\t\t<\/div>\n\t\t\t\t<\/div>\n\t\t\t\t<div class=\"elementor-element elementor-element-39a04bf elementor-widget elementor-widget-text-editor\" data-id=\"39a04bf\" data-element_type=\"widget\" data-widget_type=\"text-editor.default\">\n\t\t\t\t<div class=\"elementor-widget-container\">\n\t\t\t\t\t\t\t\t\t<p><strong>*Whatsapp Disponible*<\/strong><\/p>\t\t\t\t\t\t\t\t<\/div>\n\t\t\t\t<\/div>\n\t\t\t\t\t<\/div>\n\t\t<\/div>\n\t\t\t\t\t<\/div>\n\t\t<\/section>\n\t\t\t\t<\/div>","protected":false},"excerpt":{"rendered":"<p>Ingresa los datos de tu Sal\u00f3n &quot;*&quot; se\u00f1ala los campos obligatorios Tu nombre* Nombre Nombre del Sal\u00f3n* Direcci\u00f3n del Sal\u00f3n* Direcci\u00f3n Correo Electr\u00f3nico* Tel\u00e9fono* \u00abSi deseas m\u00e1s informaci\u00f3n, por favor comun\u00edcate con Mari al954-662-3012\u00ab *Whatsapp Disponible*<\/p>","protected":false},"author":1,"featured_media":0,"parent":0,"menu_order":0,"comment_status":"closed","ping_status":"closed","template":"elementor_canvas","meta":{"footnotes":""},"class_list":["post-1951","page","type-page","status-publish","hentry"],"_links":{"self":[{"href":"https:\/\/iaodb.roglos.com\/en\/wp-json\/wp\/v2\/pages\/1951","targetHints":{"allow":["GET"]}}],"collection":[{"href":"https:\/\/iaodb.roglos.com\/en\/wp-json\/wp\/v2\/pages"}],"about":[{"href":"https:\/\/iaodb.roglos.com\/en\/wp-json\/wp\/v2\/types\/page"}],"author":[{"embeddable":true,"href":"https:\/\/iaodb.roglos.com\/en\/wp-json\/wp\/v2\/users\/1"}],"replies":[{"embeddable":true,"href":"https:\/\/iaodb.roglos.com\/en\/wp-json\/wp\/v2\/comments?post=1951"}],"version-history":[{"count":61,"href":"https:\/\/iaodb.roglos.com\/en\/wp-json\/wp\/v2\/pages\/1951\/revisions"}],"predecessor-version":[{"id":2015,"href":"https:\/\/iaodb.roglos.com\/en\/wp-json\/wp\/v2\/pages\/1951\/revisions\/2015"}],"wp:attachment":[{"href":"https:\/\/iaodb.roglos.com\/en\/wp-json\/wp\/v2\/media?parent=1951"}],"curies":[{"name":"wp","href":"https:\/\/api.w.org\/{rel}","templated":true}]}}