{"id":1642,"date":"2023-07-12T16:04:02","date_gmt":"2023-07-12T20:04:02","guid":{"rendered":"https:\/\/sietesheva.com\/?page_id=1642"},"modified":"2023-10-02T15:11:55","modified_gmt":"2023-10-02T19:11:55","slug":"registro-evento-rd","status":"publish","type":"page","link":"https:\/\/iaodb.roglos.com\/en\/registro-evento-rd\/","title":{"rendered":"Registro Evento RD"},"content":{"rendered":"<div data-elementor-type=\"wp-page\" data-elementor-id=\"1642\" class=\"elementor elementor-1642\">\n\t\t\t\t\t\t<section class=\"elementor-section elementor-top-section elementor-element elementor-element-077e245 elementor-section-boxed elementor-section-height-default elementor-section-height-default\" data-id=\"077e245\" data-element_type=\"section\">\n\t\t\t\t\t\t\t<div class=\"elementor-background-overlay\"><\/div>\n\t\t\t\t\t\t\t<div class=\"elementor-container elementor-column-gap-default\">\n\t\t\t\t\t<div class=\"elementor-column elementor-col-100 elementor-top-column elementor-element elementor-element-ef3f9b0\" data-id=\"ef3f9b0\" data-element_type=\"column\">\n\t\t\t<div class=\"elementor-widget-wrap elementor-element-populated\">\n\t\t\t\t\t\t<div class=\"elementor-element elementor-element-6210f4f elementor-widget elementor-widget-heading\" data-id=\"6210f4f\" data-element_type=\"widget\" data-widget_type=\"heading.default\">\n\t\t\t\t<div class=\"elementor-widget-container\">\n\t\t\t\t\t<h2 class=\"elementor-heading-title elementor-size-default\">Registro Evento:<\/h2>\t\t\t\t<\/div>\n\t\t\t\t<\/div>\n\t\t\t\t<div class=\"elementor-element elementor-element-173ae3a elementor-widget elementor-widget-text-editor\" data-id=\"173ae3a\" data-element_type=\"widget\" data-widget_type=\"text-editor.default\">\n\t\t\t\t<div class=\"elementor-widget-container\">\n\t\t\t\t\t\t\t\t\t<h3>Industry, Success, Beauty: 90 Minutes Road to Italy<\/h3>\t\t\t\t\t\t\t\t<\/div>\n\t\t\t\t<\/div>\n\t\t\t\t<div class=\"elementor-element elementor-element-7388371 eael-gravity-form-button-custom elementor-widget elementor-widget-eael-gravity-form\" data-id=\"7388371\" data-element_type=\"widget\" data-widget_type=\"eael-gravity-form.default\">\n\t\t\t\t<div class=\"elementor-widget-container\">\n\t\t\t\t\t\t\t\t<div class=\"eael-contact-form eael-gravity-form eael-contact-form-align-default\">\n\t\t        <script type=\"text\/javascript\">var gform;gform||(document.addEventListener(\"gform_main_scripts_loaded\",function(){gform.scriptsLoaded=!0}),window.addEventListener(\"DOMContentLoaded\",function(){gform.domLoaded=!0}),gform={domLoaded:!1,scriptsLoaded:!1,initializeOnLoaded:function(o){gform.domLoaded&&gform.scriptsLoaded?o():!gform.domLoaded&&gform.scriptsLoaded?window.addEventListener(\"DOMContentLoaded\",o):document.addEventListener(\"gform_main_scripts_loaded\",o)},hooks:{action:{},filter:{}},addAction:function(o,n,r,t){gform.addHook(\"action\",o,n,r,t)},addFilter:function(o,n,r,t){gform.addHook(\"filter\",o,n,r,t)},doAction:function(o){gform.doHook(\"action\",o,arguments)},applyFilters:function(o){return gform.doHook(\"filter\",o,arguments)},removeAction:function(o,n){gform.removeHook(\"action\",o,n)},removeFilter:function(o,n,r){gform.removeHook(\"filter\",o,n,r)},addHook:function(o,n,r,t,i){null==gform.hooks[o][n]&&(gform.hooks[o][n]=[]);var e=gform.hooks[o][n];null==i&&(i=n+\"_\"+e.length),gform.hooks[o][n].push({tag:i,callable:r,priority:t=null==t?10:t})},doHook:function(n,o,r){var t;if(r=Array.prototype.slice.call(r,1),null!=gform.hooks[n][o]&&((o=gform.hooks[n][o]).sort(function(o,n){return o.priority-n.priority}),o.forEach(function(o){\"function\"!=typeof(t=o.callable)&&(t=window[t]),\"action\"==n?t.apply(null,r):r[0]=t.apply(null,r)})),\"filter\"==n)return r[0]},removeHook:function(o,n,t,i){var r;null!=gform.hooks[o][n]&&(r=(r=gform.hooks[o][n]).filter(function(o,n,r){return!!(null!=i&&i!=o.tag||null!=t&&t!=o.priority)}),gform.hooks[o][n]=r)}});<\/script>\n                <div class='gf_browser_gecko gform_wrapper gravity-theme' id='gform_wrapper_5' ><form method='post' enctype='multipart\/form-data'  id='gform_5'  action='\/en\/wp-json\/wp\/v2\/pages\/1642' novalidate data-trp-original-action=\"\/en\/wp-json\/wp\/v2\/pages\/1642\">\n                        <div class='gform_body gform-body'><div id='gform_fields_5' class='gform_fields top_label form_sublabel_above description_above'><fieldset id=\"field_5_1\"  class=\"gfield gfield_contains_required field_sublabel_above field_description_above gfield_visibility_visible\"  data-js-reload=\"field_5_1\"><legend class='gfield_label gfield_label_before_complex'  >Name<span class=\"gfield_required\"><span class=\"gfield_required gfield_required_asterisk\">*<\/span><\/span><\/legend><div class='ginput_complex ginput_container no_prefix has_first_name no_middle_name has_last_name no_suffix gf_name_has_2 ginput_container_name' id='input_5_1'>\n                            \n                            <span id='input_5_1_3_container' class='name_first' >\n                                                    <label for='input_5_1_3' >First<\/label>\n                                                    <input type='text' name='input_1.3' id='input_5_1_3' value=''   aria-required='true'    autocomplete=\"given-name\" \/>\n                                                <\/span>\n                            \n                            <span id='input_5_1_6_container' class='name_last' >\n                                                            <label for='input_5_1_6' >Last<\/label>\n                                                            <input type='text' name='input_1.6' id='input_5_1_6' value=''   aria-required='true'    autocomplete=\"family-name\" \/>\n                                                        <\/span>\n                            \n                        <\/div><\/fieldset><div id=\"field_5_8\"  class=\"gfield gfield--width-full field_sublabel_above field_description_above gfield_visibility_visible\"  data-js-reload=\"field_5_8\"><label class='gfield_label' for='input_5_8' >Tel\u00e9fono<\/label><div class='ginput_container ginput_container_phone'><input name='input_8' id='input_5_8' type='tel' value='' class='large'    aria-invalid=\"false\"   \/><\/div><\/div><fieldset id=\"field_5_2\"  class=\"gfield gfield_contains_required field_sublabel_above field_description_above gfield_visibility_visible\"  data-js-reload=\"field_5_2\"><legend class='gfield_label'  >Email<span class=\"gfield_required\"><span class=\"gfield_required gfield_required_asterisk\">*<\/span><\/span><\/legend><div class='ginput_complex ginput_container ginput_container_email' id='input_5_2_container'>\n                                <span id='input_5_2_1_container' class='ginput_left'>\n                                    <label for='input_5_2'>Enter Email<\/label>\n                                    <input class='' type='email' name='input_2' id='input_5_2' value=''    aria-required=\"true\" aria-invalid=\"false\"  \/>\n                                <\/span>\n                                <span id='input_5_2_2_container' class='ginput_right'>\n                                    <label for='input_5_2_2' >Confirm Email<\/label>\n                                    <input class='' type='email' name='input_2_2' id='input_5_2_2' value=''    aria-required=\"true\" aria-invalid=\"false\"  \/>\n                                <\/span>\n                                <div class='gf_clear gf_clear_complex'><\/div>\n                            <\/div><\/fieldset><div id=\"field_5_3\"  class=\"gfield gfield_contains_required field_sublabel_above field_description_above gfield_visibility_visible\"  data-js-reload=\"field_5_3\"><label class='gfield_label' for='input_5_3' >Comentarios<span class=\"gfield_required\"><span class=\"gfield_required gfield_required_asterisk\">*<\/span><\/span><\/label><div class='gfield_description' id='gfield_description_5_3'>Tiene alguna pregunta?<\/div><div class='ginput_container ginput_container_textarea'><textarea name='input_3' id='input_5_3' class='textarea medium'  aria-describedby=\"gfield_description_5_3\" maxlength='600'  aria-required=\"true\" aria-invalid=\"false\"   rows='10' cols='50'><\/textarea><\/div><\/div><div id=\"field_5_4\"  class=\"gfield gfield_price gfield_price_5_4 gfield_product_5_4 field_sublabel_above field_description_above gfield_visibility_visible\"  data-js-reload=\"field_5_4\"><label class='gfield_label gfield_label_before_complex' for='input_5_4_1' >Workshop<\/label><div class='ginput_container ginput_container_singleproduct'>\n\t\t\t\t\t<input type='hidden' name='input_4.1' value='Taller' class='gform_hidden' \/>\n\t\t\t\t\t<div id='ginput_product_price_5_4' class='ginput_product_price_wrapper'>\n\t\t\t\t\t\t<label for='ginput_base_price_5_4' class='ginput_product_price_label'>Price:<\/label>\n\t\t\t\t\t\t<input type='text' readonly class='ginput_product_price gform-text-input-reset' name='input_4.2' id='ginput_base_price_5_4' value='$25.00' aria-label='Taller Price' \/>\n\t\t\t\t\t<\/div>\n\t\t\t\t\t<input type='hidden' name='input_4.3' value='1' class='ginput_quantity_5_4 gform_hidden' \/>\n\t\t\t\t<\/div><\/div><div id=\"field_5_7\"  class=\"gfield gfield--width-full field_sublabel_above field_description_above gfield_visibility_visible\"  data-js-reload=\"field_5_7\"><label class='gfield_label gfield_label_before_complex' for='input_5_7_1' >Tarjeta cr\u00e9dito<\/label><\/div><\/div><\/div>\n        <div class='gform_footer top_label'> <input type='submit' id='gform_submit_button_5' class='gform_button button' value='Send'  onclick='if(window[\"gf_submitting_5\"]){return false;}  if( !jQuery(\"#gform_5\")[0].checkValidity || jQuery(\"#gform_5\")[0].checkValidity()){window[\"gf_submitting_5\"]=true;}  ' onkeypress='if( event.keyCode == 13 ){ if(window[\"gf_submitting_5\"]){return false;} if( !jQuery(\"#gform_5\")[0].checkValidity || jQuery(\"#gform_5\")[0].checkValidity()){window[\"gf_submitting_5\"]=true;}  jQuery(\"#gform_5\").trigger(\"submit\",[true]); }' \/> \n            <input type='hidden' class='gform_hidden' name='is_submit_5' value='1' \/>\n            <input type='hidden' class='gform_hidden' name='gform_submit' value='5' \/>\n            \n            <input type='hidden' class='gform_hidden' name='gform_unique_id' value='' \/>\n            <input type='hidden' class='gform_hidden' name='state_5' value='WyJ7XCI0LjFcIjpcIjAzZThkODA2YjZkYjJlYjdlNTAyNmQ3MDVlNGIxYjdkXCIsXCI0LjJcIjpcIjJlZTUyMzk1OTBjNjU0NGYxNTlhMTNlYjJlNjdmZDY4XCJ9IiwiNjRiMDgwN2M5YjgwNWVkOWI4YmYzZTI4MjYxNWRlYjMiXQ==' \/>\n            <input type='hidden' class='gform_hidden' name='gform_target_page_number_5' id='gform_target_page_number_5' value='0' \/>\n            <input type='hidden' class='gform_hidden' name='gform_source_page_number_5' id='gform_source_page_number_5' value='1' \/>\n            <input type='hidden' name='gform_field_values' value='' \/>\n            \n        <\/div>\n                        <input type=\"hidden\" name=\"trp-form-language\" value=\"en\"\/><\/form>\n                        <\/div>\t\t\t<\/div>\n            \t\t\t\t<\/div>\n\t\t\t\t<\/div>\n\t\t\t\t\t<\/div>\n\t\t<\/div>\n\t\t\t\t\t<\/div>\n\t\t<\/section>\n\t\t\t\t<\/div>","protected":false},"excerpt":{"rendered":"<p>Registro Evento: Industria, \u00c9xito, Belleza: 90 Minutos Camino Hacia Italia &quot;*&quot; se\u00f1ala los campos obligatorios Nombre* Nombre Apellidos Tel\u00e9fono Email* Introduce un email Confirmar email Comentarios*Tiene alguna pregunta?Taller Precio: Tarjeta cr\u00e9dito<\/p>","protected":false},"author":1,"featured_media":0,"parent":0,"menu_order":0,"comment_status":"closed","ping_status":"closed","template":"elementor_canvas","meta":{"footnotes":""},"class_list":["post-1642","page","type-page","status-publish","hentry"],"_links":{"self":[{"href":"https:\/\/iaodb.roglos.com\/en\/wp-json\/wp\/v2\/pages\/1642","targetHints":{"allow":["GET"]}}],"collection":[{"href":"https:\/\/iaodb.roglos.com\/en\/wp-json\/wp\/v2\/pages"}],"about":[{"href":"https:\/\/iaodb.roglos.com\/en\/wp-json\/wp\/v2\/types\/page"}],"author":[{"embeddable":true,"href":"https:\/\/iaodb.roglos.com\/en\/wp-json\/wp\/v2\/users\/1"}],"replies":[{"embeddable":true,"href":"https:\/\/iaodb.roglos.com\/en\/wp-json\/wp\/v2\/comments?post=1642"}],"version-history":[{"count":13,"href":"https:\/\/iaodb.roglos.com\/en\/wp-json\/wp\/v2\/pages\/1642\/revisions"}],"predecessor-version":[{"id":2034,"href":"https:\/\/iaodb.roglos.com\/en\/wp-json\/wp\/v2\/pages\/1642\/revisions\/2034"}],"wp:attachment":[{"href":"https:\/\/iaodb.roglos.com\/en\/wp-json\/wp\/v2\/media?parent=1642"}],"curies":[{"name":"wp","href":"https:\/\/api.w.org\/{rel}","templated":true}]}}